{"id":1638,"date":"2019-12-26T22:36:59","date_gmt":"2019-12-26T22:36:59","guid":{"rendered":"https:\/\/delrebene-oliovino.it\/?page_id=1638"},"modified":"2019-12-26T22:37:22","modified_gmt":"2019-12-26T22:37:22","slug":"cookie-policy-eng","status":"publish","type":"page","link":"https:\/\/delrebene-oliovino.it\/en\/cookie-policy-eng\/","title":{"rendered":"Cookie Policy eng"},"content":{"rendered":"<div id='av_section_1'  class='avia-section av-hsyr2-82b18ba01979994df0ea245b896d24b0 main_color avia-section-default avia-no-border-styling  avia-builder-el-0  avia-builder-el-no-sibling  avia-bg-style-scroll container_wrap sidebar_right'  ><div class='container av-section-cont-open' ><main  role=\"main\" itemprop=\"mainContentOfPage\"  class='template-page content  av-content-small alpha units'><div class='post-entry post-entry-type-page post-entry-1638'><div class='entry-content-wrapper clearfix'>\n\n<style type=\"text\/css\" data-created_by=\"avia_inline_auto\" id=\"style-css-av-k42zmaax-a5cf6e30dceb7ee2b9a2550ffa254355\">\n#top .av-special-heading.av-k42zmaax-a5cf6e30dceb7ee2b9a2550ffa254355{\npadding-bottom:10px;\n}\nbody .av-special-heading.av-k42zmaax-a5cf6e30dceb7ee2b9a2550ffa254355 .av-special-heading-tag .heading-char{\nfont-size:25px;\n}\n.av-special-heading.av-k42zmaax-a5cf6e30dceb7ee2b9a2550ffa254355 .av-subheading{\nfont-size:15px;\n}\n<\/style>\n<div  class='av-special-heading av-k42zmaax-a5cf6e30dceb7ee2b9a2550ffa254355 av-special-heading-h1 blockquote modern-quote  avia-builder-el-1  el_before_av_one_full  avia-builder-el-first '><h1 class='av-special-heading-tag '  itemprop=\"headline\"  >Cookie Policy<\/h1><div class=\"special-heading-border\"><div class=\"special-heading-inner-border\"><\/div><\/div><\/div>\n\n<style type=\"text\/css\" data-created_by=\"avia_inline_auto\" id=\"style-css-av-7cake-f04a9b81eca9162510985e314ec79b92\">\n.flex_column.av-7cake-f04a9b81eca9162510985e314ec79b92{\nborder-radius:0px 0px 0px 0px;\npadding:0px 0px 0px 0px;\n}\n<\/style>\n<div  class='flex_column av-7cake-f04a9b81eca9162510985e314ec79b92 av_one_full  avia-builder-el-2  el_after_av_heading  avia-builder-el-last  first flex_column_div av-zero-column-padding  '     ><section  class='av_textblock_section av-k42zmzub-6ea33fb35724806165a49cee04fe90fb '   itemscope=\"itemscope\" itemtype=\"https:\/\/schema.org\/CreativeWork\" ><div class='avia_textblock'  itemprop=\"text\" ><p><span style=\"font-weight: 400;\">Questo Sito web utilizza i cookie. I cookie sono piccoli file di testo di piccole dimensioni che possono essere utilizzati dai siti web per rendere pi\u00f9 efficiente l\u2019esperienza per l\u2019Utente e che vengono inviate al suo browser, dove vengono memorizzati per essere poi ritrasmessi allo stesso Sito alla sua successiva visita del medesimo. I cookies hanno il fine di migliorare la funzionalit\u00e0 e la navigazione di questo Sito. Si utilizzano i cookie per personalizzare contenuti, fornire le funzioni dei social media e analizzare il traffico, permettere di acquistare la consulenza online, riconoscere l\u2019Utente quando torna sul Sito.<\/span><\/p>\n<p><span style=\"font-weight: 400;\">Nel suo browser l\u2019Utente puoi impostare le preferenze di Privacy in modo da non memorizzare cookie, cancellarli dopo ogni visita o ogni volta che chiude il browser, o anche accettare solo i cookie di\u00a0<\/span><b>www.delrebene-oliovino.it <\/b><span style=\"font-weight: 400;\">e non quelli di terze parti.<\/span><\/p>\n<p><span style=\"font-weight: 400;\">Questo Sito utilizza varie tipologie di Cookies<\/span><span style=\"font-weight: 400;\">:<\/span><span style=\"font-weight: 400;\"><br \/>\n<\/span><span style=\"font-weight: 400;\">\u2013\u00a0<\/span><b>Cookie Tecnici di navigazione<\/b><span style=\"font-weight: 400;\">. Sono cookie utilizzati al solo fine di effettuare la trasmissione di una comunicazione su una rete di comunicazione elettronica o nella misura strettamente necessaria al fornitore di un servizio della societ\u00e0 dell\u2019informazione esplicitamente richiesto. Su questo Sito, vengono usati dei cookie tecnici per ricordare se si \u00e8 informato l\u2019Utente dell\u2019esistenza dei cookie, o se invece bisogna ricordargli che li usiamo e invitarlo a leggere questa informativa.<\/span><span style=\"font-weight: 400;\"><br \/>\n<\/span><span style=\"font-weight: 400;\">\u2013\u00a0<\/span><b>Cookie Statistici<\/b><span style=\"font-weight: 400;\">. Sono cookie utilizzati per raccogliere informazioni, in forma aggregata, sul numero degli Utenti e su come essi visitino questo Sito. <\/span><span style=\"font-weight: 400;\"><br \/>\n<\/span><span style=\"font-weight: 400;\">Questo Sito utilizza il servizio\u00a0<\/span><b>Google Analitycs<\/b><span style=\"font-weight: 400;\">, i cui relativi cookie sono quindi di terze parti, per il monitoraggio statistico delle attivit\u00e0 realizzate sul Sito. Google Analytics utilizza cookie che non memorizzano dati personali. Le informazioni ricavate dall\u2019utilizzo del Sito web da parte degli Utenti sono trasmesse dal browser dell\u2019Utente a \u201cGoogle Inc\u201d, con sede a 1600 Amphitheatre Parkway, Mountain View, CA 94043, Stati Uniti, e l\u00ec depositate presso i loro server.<\/span><span style=\"font-weight: 400;\"><br \/>\n<\/span><span style=\"font-weight: 400;\">Sono adottati strumenti che riducono il potere identificativo dei cookie tramite l\u2019anonimizzazione di porzioni significative dell\u2019indirizzo IP. <\/span><span style=\"font-weight: 400;\"><br \/>\n<\/span><span style=\"font-weight: 400;\">Le informazioni relative alla Privacy Policy di Google sono disponibili al seguente indirizzo:\u00a0<\/span><a href=\"http:\/\/www.google.com\/intl\/it\/privacy\/privacy-policy.html\" target=\"_blank\" rel=\"noopener\"><b>http:\/\/www.google.com\/intl\/it\/privacy\/privacy-policy.html<\/b><\/a><span style=\"font-weight: 400;\">.<\/span><span style=\"font-weight: 400;\"><br \/>\n<\/span><span style=\"font-weight: 400;\">\u2013\u00a0<\/span><b>Cookie di terze parti<\/b><span style=\"font-weight: 400;\">. Nel corso della navigazione l\u2019Utente pu\u00f2 ricevere sul suo terminale anche cookie che vengono inviati da siti o da web server diversi, impostati direttamente da gestori di detti siti web e utilizzati per le finalit\u00e0 e secondo le modalit\u00e0 da questi definiti. In questo caso il Titolare del Trattamento dei Dati \u00e8 solamente la terza parte. Le informazioni relative alla Privacy Policy dei siti di terze parti sono disponibili agli indirizzi sotto indicati.<\/span><span style=\"font-weight: 400;\"><br \/>\n<\/span><span style=\"font-weight: 400;\">I cookie di terze parti consentono la condivisione dei contenuti di questo sito su alcuni Social Network come Facebook, LinkedIn e Youtube. <\/span><span style=\"font-weight: 400;\"><br \/>\n<\/span><span style=\"font-weight: 400;\">Questo Sito non ha accesso ai Dati che sono autonomamente raccolti e trattati dai gestori delle piattaforme dei Social Network.<\/span><span style=\"font-weight: 400;\"><br \/>\n<\/span><span style=\"font-weight: 400;\">Le informazioni relative alla Privacy Policy di WordPress e relativi plugin sono disponibili al seguente indirizzo:\u00a0<\/span><a href=\"https:\/\/wordpress.org\/about\/privacy\/\" target=\"_blank\" rel=\"noopener\"><span style=\"font-weight: 400;\">https:\/\/wordpress.org\/about\/privacy\/<\/span><span style=\"font-weight: 400;\"><br \/>\n<\/span><\/a><span style=\"font-weight: 400;\">I Social Network collegati a questo Sito sono Facebook, LinekdIn e Youtube. Le informazioni relative alla Privacy Policy di Facebook sono disponibili al seguente indirizzo:\u00a0<\/span><a href=\"https:\/\/www.facebook.com\/policies\/cookies\/\" target=\"_blank\" rel=\"noopener\"><b>https:\/\/www.facebook.com\/policies\/cookies\/<\/b><span style=\"font-weight: 400;\"><br \/>\n<\/span><\/a><span style=\"font-weight: 400;\">Le informazioni relative alla Privacy Policy di LinkedIn sono disponibili al seguente indirizzo:\u00a0<\/span><a href=\"https:\/\/www.linkedin.com\/legal\/cookie-policy\" target=\"_blank\" rel=\"noopener\"><b>https:\/\/www.linkedin.com\/legal\/cookie-policy<\/b><span style=\"font-weight: 400;\"><br \/>\n<\/span><\/a><span style=\"font-weight: 400;\">Le informazioni relative alla Privacy Policy di Youtube sono disponibili al seguente indirizzo:\u00a0<\/span><a href=\"https:\/\/www.youtube.com\/static?template=privacy_guidelines\" target=\"_blank\" rel=\"noopener\"><b>https:\/\/www.youtube.com\/static?template=privacy_guidelines<\/b><\/a><\/p>\n<p><span style=\"font-weight: 400;\">\u00a0<\/span><\/p>\n<p><b>Eliminare o disattivare i cookie<\/b><span style=\"font-weight: 400;\"><br \/>\n<\/span><span style=\"font-weight: 400;\">Fatta eccezione per i cookie tecnici strettamente necessari alla normale navigazione, il conferimento dei Dati \u00e8 rimesso alla volont\u00e0 dell\u2019Utente che decide di navigare sul sito dopo aver preso visione dell\u2019informativa breve contenuta nell\u2019apposito banner e di usufruire dei servizi di terze parti che comportano l\u2019installazione di cookie. L\u2019Utente pu\u00f2 quindi evitare l\u2019installazione dei cookie mantenendo il banner (astenendosi quindi dal chiuderlo cliccando sul tasto \u201cOK\u201d) togliendo il segno di spunta ad alcuni o a tutte le categorie di cookie utilizzate dal Sito (Preferenze, Statistiche, Marketing, etc.), nonch\u00e9 attraverso le apposite funzioni disponibili sul proprio browser.<\/span><\/p>\n<p><span style=\"font-weight: 400;\">L\u2019Utente pu\u00f2 gestire le preferenze relative ai Cookie direttamente all\u2019interno del suo browser ed impedire che terze parti possano installarne.<\/span><span style=\"font-weight: 400;\"><br \/>\n<\/span><span style=\"font-weight: 400;\">\u00c8 importante che l\u2019Utente sappia che disabilitando tutti i Cookie, il funzionamento di questo Sito potrebbe essere compromesso.<\/span><span style=\"font-weight: 400;\"><br \/>\n<\/span><span style=\"font-weight: 400;\">Ciascun browser presenta procedure diverse per la gestione delle impostazioni.<\/span><\/p>\n<p><span style=\"font-weight: 400;\">L\u2019Utente pu\u00f2 ottenere istruzioni specifiche attraverso i link sottostanti.<\/span><span style=\"font-weight: 400;\"><br \/>\n<\/span><span style=\"font-weight: 400;\">Eliminare\/disattivare i cookie Android al seguente indirizzo:<\/span><span style=\"font-weight: 400;\"><br \/>\n<\/span><a href=\"https:\/\/support.google.com\/chrome\/answer\/2392971?hl=it-IT\" target=\"_blank\" rel=\"noopener\"><b>https:\/\/support.google.com\/chrome\/answer\/2392971?hl=it-IT<\/b><span style=\"font-weight: 400;\"><br \/>\n<\/span><\/a><span style=\"font-weight: 400;\">Eliminare\/disattivare i cookie di Mozilla Firefox al seguente indirizzo:<\/span><span style=\"font-weight: 400;\"><br \/>\n<\/span><a href=\"http:\/\/support.mozilla.com\/it\/kb\/Eliminare%20i%20cookie\" target=\"_blank\" rel=\"noopener\"><b>http:\/\/support.mozilla.com\/it\/kb\/Eliminare%20i%20cookie<\/b><span style=\"font-weight: 400;\"><br \/>\n<\/span><\/a><span style=\"font-weight: 400;\">Eliminare\/disattivare i cookie con Explorer al seguente indirizzo:<\/span><span style=\"font-weight: 400;\"><br \/>\n<\/span><a href=\"http:\/\/windows.microsoft.com\/it-IT\/windows-vista\/Delete-your-Internet-cookies\" target=\"_blank\" rel=\"noopener\"><b>http:\/\/windows.microsoft.com\/it-IT\/windows-vista\/Delete-your-Internet-cookies<\/b><span style=\"font-weight: 400;\"><br \/>\n<\/span><\/a><span style=\"font-weight: 400;\">Eliminare\/disattivare i cookie con Chrome al seguente indirizzo:<\/span><span style=\"font-weight: 400;\"><br \/>\n<\/span><a href=\"http:\/\/support.google.com\/chrome\/bin\/answer.py?hl=it&amp;answer=95647\" target=\"_blank\" rel=\"noopener\"><b>http:\/\/support.google.com\/chrome\/bin\/answer.py?hl=it&amp;answer=95647<\/b><span style=\"font-weight: 400;\"><br \/>\n<\/span><\/a><span style=\"font-weight: 400;\">Eliminare\/disattivare i cookie con Safari al seguente indirizzo :<\/span><span style=\"font-weight: 400;\"><br \/>\n<\/span><a href=\"http:\/\/support.apple.com\/kb\/PH5042\" target=\"_blank\" rel=\"noopener\"><b>http:\/\/support.apple.com\/kb\/PH5042<\/b><span style=\"font-weight: 400;\"><br \/>\n<\/span><\/a><span style=\"font-weight: 400;\">Eliminare\/disattivare i cookie con Opera al seguente indirizzo:<\/span><span style=\"font-weight: 400;\"><br \/>\n<\/span><a href=\"http:\/\/www.opera.com\/browser\/tutorials\/security\/privacy\/\" target=\"_blank\" rel=\"noopener\"><b>http:\/\/www.opera.com\/browser\/tutorials\/security\/privacy\/<\/b><span style=\"font-weight: 400;\"><br \/>\n<\/span><\/a><span style=\"font-weight: 400;\">Eliminare\/disattivare i cookie iOS al seguente indirizzo:<\/span><span style=\"font-weight: 400;\"><br \/>\n<\/span><a href=\"https:\/\/support.apple.com\/it-it\/HT201265\" target=\"_blank\" rel=\"noopener\"><b>https:\/\/support.apple.com\/it-it\/HT201265<\/b><\/a><\/p>\n<p><b>Ulteriori informazioni sul trattamento<\/b><span style=\"font-weight: 400;\"><br \/>\n<\/span><b>Informative specifiche<\/b><span style=\"font-weight: 400;\"><br \/>\n<\/span><span style=\"font-weight: 400;\">Su richiesta dell\u2019Utente, in aggiunta alle informazioni contenute in questa Cookie Policy, questo Sito potrebbe fornire delle Informative aggiuntive e contestuali riguardanti servizi specifici, o la raccolta ed il trattamento di Dati Personali.<\/span><span style=\"font-weight: 400;\"><br \/>\n<\/span><b>Log di sistema e manutenzione<\/b><span style=\"font-weight: 400;\"><br \/>\n<\/span><span style=\"font-weight: 400;\">Per necessit\u00e0 legate al funzionamento ed alla manutenzione, questo Sito e gli eventuali servizi terzi da esso utilizzati potrebbero raccogliere Log di sistema, ossia file che registrano le interazioni e che possono contenere anche Dati Personali, quali l\u2019indirizzo IP Utente.<\/span><span style=\"font-weight: 400;\"><br \/>\n<\/span><b>Informazioni non contenute in questa Cookie Policy<\/b><span style=\"font-weight: 400;\"><br \/>\n<\/span><span style=\"font-weight: 400;\">Maggiori informazioni in relazione al trattamento dei Dati Personali potranno essere richieste in qualsiasi momento al Titolare del Trattamento utilizzando le informazioni di contatto.<\/span><span style=\"font-weight: 400;\"><br \/>\n<\/span><b>Esercizio dei diritti dell\u2019interessato<\/b><span style=\"font-weight: 400;\"><br \/>\n<\/span><span style=\"font-weight: 400;\">1. Ai sensi dell\u2019art. 7, D.lgs. n.196\/03 e artt. 15-22 del Regolamento Europeo n.679\/2016, l\u2019Interessato ha diritto di ottenere la conferma dell\u2019esistenza o meno di dati personali che lo riguardano, anche se non ancora registrati, e la loro comunicazione in forma intelligibile.<\/span><span style=\"font-weight: 400;\"><br \/>\n<\/span><span style=\"font-weight: 400;\">2. L\u2019interessato ha cos\u00ec diritto di ottenere indicazione:<\/span><span style=\"font-weight: 400;\"><br \/>\n<\/span><span style=\"font-weight: 400;\">a) dell\u2019origine dei dati personali;<\/span><span style=\"font-weight: 400;\"><br \/>\n<\/span><span style=\"font-weight: 400;\">b) delle finalit\u00e0 e modalit\u00e0 del trattamento;<\/span><span style=\"font-weight: 400;\"><br \/>\n<\/span><span style=\"font-weight: 400;\">c) della logica applicata in caso di trattamento effettuato con l\u2019ausilio di strumenti elettronici;<\/span><span style=\"font-weight: 400;\"><br \/>\n<\/span><span style=\"font-weight: 400;\">d) degli estremi identificativi del Titolare e dei Responsabili del Trattamento dei Dati Personali;<\/span><span style=\"font-weight: 400;\"><br \/>\n<\/span><span style=\"font-weight: 400;\">e) dei soggetti o delle categorie di soggetti ai quali i Dati Personali possono essere comunicati o che possono venirne a conoscenza in qualit\u00e0 di rappresentante designato nel territorio dello Stato, di responsabili o incaricati.<\/span><span style=\"font-weight: 400;\"><br \/>\n<\/span><span style=\"font-weight: 400;\">3. L\u2019interessato ha diritto di ottenere:<\/span><span style=\"font-weight: 400;\"><br \/>\n<\/span><span style=\"font-weight: 400;\">a) l\u2019aggiornamento, la rettificazione ovvero, quando vi ha interesse, l\u2019integrazione dei Dati;<\/span><span style=\"font-weight: 400;\"><br \/>\n<\/span><span style=\"font-weight: 400;\">b) la cancellazione, la trasformazione in forma anonima o il blocco dei dati trattati in violazione di legge, compresi quelli di cui non \u00e8 necessaria la conservazione in relazione agli scopi per i quali i dati sono stati raccolti o successivamente trattati;<\/span><span style=\"font-weight: 400;\"><br \/>\n<\/span><span style=\"font-weight: 400;\">4. L\u2019interessato ha diritto di opporsi, in tutto o in parte:<\/span><span style=\"font-weight: 400;\"><br \/>\n<\/span><span style=\"font-weight: 400;\">a) per motivi legittimi al Trattamento dei Dati Personali che lo riguardano, ancorch\u00e9 pertinenti allo scopo della raccolta;<\/span><span style=\"font-weight: 400;\"><br \/>\n<\/span><span style=\"font-weight: 400;\">b) al Trattamento di Dati Personali che lo riguardano a fini di invio di materiale pubblicitario o di vendita diretta o per il compimento di ricerche di mercato o di comunicazione commerciale.<\/span><span style=\"font-weight: 400;\"><br \/>\n<\/span><span style=\"font-weight: 400;\">Per ulteriori informazioni consultare la Privacy Policy di questo sito:<\/span> <span style=\"font-weight: 400;\">www.delrebene-oliovino.it<\/span><\/p>\n<table>\n<tbody>\n<tr>\n<td><b>NOME<\/b><\/td>\n<td><b>FORNITORE<\/b><\/td>\n<td><b>SCOPO<\/b><\/td>\n<td><b>SCADENZA<\/b><\/td>\n<\/tr>\n<tr>\n<td><span style=\"font-weight: 400;\">_gat<\/span><\/td>\n<td><span style=\"font-weight: 400;\">Www.delrebene-oliovino.it<\/span><\/td>\n<td><span style=\"font-weight: 400;\">Utilizzato da Google Analytics per limitare la frequenza delle richieste<\/span><\/td>\n<td><span style=\"font-weight: 400;\">1 giorno<\/span><\/td>\n<\/tr>\n<\/tbody>\n<\/table>\n<p><span style=\"font-weight: 400;\">\u00a0<\/span><\/p>\n<p><span style=\"font-weight: 400;\">\u00a0<\/span><\/p>\n<p><b>Cookie di Terze Parti<\/b><\/p>\n<p><span style=\"font-weight: 400;\">\u00a0<\/span><\/p>\n<table>\n<tbody>\n<tr>\n<td><b>NOME<\/b><\/td>\n<td><b>FORNITORE<\/b><\/td>\n<td><b>SCOPO<\/b><\/td>\n<td><b>SCADENZA<\/b><\/td>\n<\/tr>\n<tr>\n<td><span style=\"font-weight: 400;\">GPS<\/span><\/td>\n<td><span style=\"font-weight: 400;\">youtube.com<\/span><\/td>\n<td><span style=\"font-weight: 400;\">Registra un ID univoco sui dispositivi mobile per consentire il tracciamento sulla base della posizione geografica GPS.<\/span><\/td>\n<td><span style=\"font-weight: 400;\">1 giorno<\/span><\/td>\n<\/tr>\n<tr>\n<td><span style=\"font-weight: 400;\">yt-player-headers-readable<\/span><\/td>\n<td><span style=\"font-weight: 400;\">youtube.com<\/span><\/td>\n<td><span style=\"font-weight: 400;\">Raccoglie dati sull\u2019interazione dei visitatori con il contenuto video del sito. Questi dati vengono utilizzati per rendere i contenuti video del sito web pi\u00f9 pertinenti per il visitatore.<\/span><\/td>\n<td><span style=\"font-weight: 400;\">Sessione<\/span><\/td>\n<\/tr>\n<tr>\n<td><span style=\"font-weight: 400;\">yt-remote-cast-installed<\/span><\/td>\n<td><span style=\"font-weight: 400;\">youtube.com<\/span><\/td>\n<td><span style=\"font-weight: 400;\">Memorizza le preferenze del lettore video dell\u2019utente usando il video YouTube incorporato<\/span><\/td>\n<td><span style=\"font-weight: 400;\">Sessione<\/span><\/td>\n<\/tr>\n<tr>\n<td><span style=\"font-weight: 400;\">yt-remote-connected-devices<\/span><\/td>\n<td><span style=\"font-weight: 400;\">youtube.com<\/span><\/td>\n<td><span style=\"font-weight: 400;\">Memorizza le preferenze del lettore video dell\u2019utente usando il video YouTube incorporato<\/span><\/td>\n<td><span style=\"font-weight: 400;\">Sessione<\/span><\/td>\n<\/tr>\n<tr>\n<td><span style=\"font-weight: 400;\">yt-remote-device-id<\/span><\/td>\n<td><span style=\"font-weight: 400;\">youtube.com<\/span><\/td>\n<td><span style=\"font-weight: 400;\">Memorizza le preferenze del lettore video dell\u2019utente usando il video YouTube incorporato<\/span><\/td>\n<td><span style=\"font-weight: 400;\">Sessione<\/span><\/td>\n<\/tr>\n<tr>\n<td><span style=\"font-weight: 400;\">yt-remote-fast-check-period<\/span><\/td>\n<td><span style=\"font-weight: 400;\">youtube.com<\/span><\/td>\n<td><span style=\"font-weight: 400;\">Memorizza le preferenze del lettore video dell\u2019utente usando il video YouTube incorporato<\/span><\/td>\n<td><span style=\"font-weight: 400;\">Sessione<\/span><\/td>\n<\/tr>\n<tr>\n<td><span style=\"font-weight: 400;\">yt-remote-session-app<\/span><\/td>\n<td><span style=\"font-weight: 400;\">youtube.com<\/span><\/td>\n<td><span style=\"font-weight: 400;\">Memorizza le preferenze del lettore video dell\u2019utente usando il video YouTube incorporato<\/span><\/td>\n<td><span style=\"font-weight: 400;\">Sessione<\/span><\/td>\n<\/tr>\n<tr>\n<td><span style=\"font-weight: 400;\">yt-remote-session-name<\/span><\/td>\n<td><span style=\"font-weight: 400;\">youtube.com<\/span><\/td>\n<td><span style=\"font-weight: 400;\">Memorizza le preferenze del lettore video dell\u2019utente usando il video YouTube incorporato<\/span><\/td>\n<td><span style=\"font-weight: 400;\">Sessione<\/span><\/td>\n<\/tr>\n<tr>\n<td><span style=\"font-weight: 400;\">fr<\/span><\/td>\n<td><span style=\"font-weight: 400;\">facebook.com<\/span><\/td>\n<td><span style=\"font-weight: 400;\">Utilizzato da Facebook per fornire una serie di prodotti pubblicitari come offerte in tempo reale da inserzionisti terzi.<\/span><\/td>\n<td><span style=\"font-weight: 400;\">3 mesi<\/span><\/td>\n<\/tr>\n<tr>\n<td><span style=\"font-weight: 400;\">tr<\/span><\/td>\n<td><span style=\"font-weight: 400;\">facebook.com<\/span><\/td>\n<td><span style=\"font-weight: 400;\">Utilizzato da Facebook per fornire una serie di prodotti pubblicitari come offerte in tempo reale da inserzionisti terzi.<\/span><\/td>\n<td><span style=\"font-weight: 400;\">Sessione<\/span><\/td>\n<\/tr>\n<\/tbody>\n<\/table>\n<p><span style=\"font-weight: 400;\">\u00a0<\/span><\/p>\n<p><span style=\"font-weight: 400;\">\u00a0<\/span><\/p>\n<p><span style=\"font-weight: 400;\">\u00a0<\/span><\/p>\n<\/div><\/section><\/div>\n<\/div><\/div><\/main><!-- close content main element --><\/div><\/div><div id='after_section_1'  class='main_color av_default_container_wrap container_wrap sidebar_right'  ><div class='container av-section-cont-open' ><div class='template-page content  av-content-small alpha units'><div class='post-entry post-entry-type-page post-entry-1638'><div class='entry-content-wrapper clearfix'>\n","protected":false},"excerpt":{"rendered":"","protected":false},"author":2,"featured_media":0,"parent":0,"menu_order":0,"comment_status":"closed","ping_status":"closed","template":"","meta":{"footnotes":""},"class_list":["post-1638","page","type-page","status-publish","hentry"],"_links":{"self":[{"href":"https:\/\/delrebene-oliovino.it\/en\/wp-json\/wp\/v2\/pages\/1638","targetHints":{"allow":["GET"]}}],"collection":[{"href":"https:\/\/delrebene-oliovino.it\/en\/wp-json\/wp\/v2\/pages"}],"about":[{"href":"https:\/\/delrebene-oliovino.it\/en\/wp-json\/wp\/v2\/types\/page"}],"author":[{"embeddable":true,"href":"https:\/\/delrebene-oliovino.it\/en\/wp-json\/wp\/v2\/users\/2"}],"replies":[{"embeddable":true,"href":"https:\/\/delrebene-oliovino.it\/en\/wp-json\/wp\/v2\/comments?post=1638"}],"version-history":[{"count":3,"href":"https:\/\/delrebene-oliovino.it\/en\/wp-json\/wp\/v2\/pages\/1638\/revisions"}],"predecessor-version":[{"id":1643,"href":"https:\/\/delrebene-oliovino.it\/en\/wp-json\/wp\/v2\/pages\/1638\/revisions\/1643"}],"wp:attachment":[{"href":"https:\/\/delrebene-oliovino.it\/en\/wp-json\/wp\/v2\/media?parent=1638"}],"curies":[{"name":"wp","href":"https:\/\/api.w.org\/{rel}","templated":true}]}}