{"id":104982,"date":"2025-02-14T14:41:41","date_gmt":"2025-02-14T13:41:41","guid":{"rendered":"https:\/\/delrebene-oliovino.it\/carmenere-berici-hills-doc-2019\/"},"modified":"2025-03-21T10:42:54","modified_gmt":"2025-03-21T09:42:54","slug":"carmenere-berici-hills-doc-2019","status":"publish","type":"page","link":"https:\/\/delrebene-oliovino.it\/en\/carmenere-berici-hills-doc-2019\/","title":{"rendered":"Carmen\u00e8re Berici Hills DOC 2019."},"content":{"rendered":"\t\t<div data-elementor-type=\"wp-page\" data-elementor-id=\"104982\" class=\"elementor elementor-104982 elementor-104638\" data-elementor-post-type=\"page\">\n\t\t\t\t<div class=\"elementor-element elementor-element-2a419c2 e-flex e-con-boxed e-con e-parent\" data-id=\"2a419c2\" data-element_type=\"container\" data-e-type=\"container\">\n\t\t\t\t\t<div class=\"e-con-inner\">\n\t\t\t\t<div class=\"elementor-element elementor-element-a12532d elementor-align-left elementor-widget elementor-widget-button\" data-id=\"a12532d\" data-element_type=\"widget\" data-e-type=\"widget\" data-widget_type=\"button.default\">\n\t\t\t\t<div class=\"elementor-widget-container\">\n\t\t\t\t\t\t\t\t\t<div class=\"elementor-button-wrapper\">\n\t\t\t\t\t<a class=\"elementor-button elementor-button-link elementor-size-sm\" href=\"https:\/\/delrebene-oliovino.it\/en\/red-wine-del-rebene\/\">\n\t\t\t\t\t\t<span class=\"elementor-button-content-wrapper\">\n\t\t\t\t\t\t<span class=\"elementor-button-icon\">\n\t\t\t\t<svg aria-hidden=\"true\" class=\"e-font-icon-svg e-fas-arrow-left\" viewBox=\"0 0 448 512\" xmlns=\"http:\/\/www.w3.org\/2000\/svg\"><path d=\"M257.5 445.1l-22.2 22.2c-9.4 9.4-24.6 9.4-33.9 0L7 273c-9.4-9.4-9.4-24.6 0-33.9L201.4 44.7c9.4-9.4 24.6-9.4 33.9 0l22.2 22.2c9.5 9.5 9.3 25-.4 34.3L136.6 216H424c13.3 0 24 10.7 24 24v32c0 13.3-10.7 24-24 24H136.6l120.5 114.8c9.8 9.3 10 24.8.4 34.3z\"><\/path><\/svg>\t\t\t<\/span>\n\t\t\t\t\t\t\t\t\t<span class=\"elementor-button-text\">Back to Red Wines<\/span>\n\t\t\t\t\t<\/span>\n\t\t\t\t\t<\/a>\n\t\t\t\t<\/div>\n\t\t\t\t\t\t\t\t<\/div>\n\t\t\t\t<\/div>\n\t\t\t\t<div class=\"elementor-element elementor-element-b54c8c7 elementor-widget elementor-widget-heading\" data-id=\"b54c8c7\" data-element_type=\"widget\" data-e-type=\"widget\" data-widget_type=\"heading.default\">\n\t\t\t\t<div class=\"elementor-widget-container\">\n\t\t\t\t\t<h1 class=\"elementor-heading-title elementor-size-default\">Carmen\u00e8re Del R\u00e8bene<\/h1>\t\t\t\t<\/div>\n\t\t\t\t<\/div>\n\t\t\t\t<div class=\"elementor-element elementor-element-701d66c elementor-widget elementor-widget-text-editor\" data-id=\"701d66c\" data-element_type=\"widget\" data-e-type=\"widget\" data-widget_type=\"text-editor.default\">\n\t\t\t\t<div class=\"elementor-widget-container\">\n\t\t\t\t\t\t\t\t\t<p><nav aria-label=\"breadcrumbs\" class=\"rank-math-breadcrumb\"><p><span class=\"last\">Home<\/span><\/p><\/nav><\/p>\n\t\t\t\t\t\t\t\t<\/div>\n\t\t\t\t<\/div>\n\t\t\t\t\t<\/div>\n\t\t\t\t<\/div>\n\t\t<div class=\"elementor-element elementor-element-08acbee e-flex e-con-boxed e-con e-parent\" data-id=\"08acbee\" data-element_type=\"container\" data-e-type=\"container\" data-settings=\"{&quot;background_background&quot;:&quot;classic&quot;}\">\n\t\t\t\t\t<div class=\"e-con-inner\">\n\t\t<div class=\"elementor-element elementor-element-fc0fdd3 e-con-full e-flex e-con e-child\" data-id=\"fc0fdd3\" data-element_type=\"container\" data-e-type=\"container\">\n\t\t\t\t<div class=\"elementor-element elementor-element-437c0f6 elementor-widget-divider--view-line_text elementor-widget-divider--element-align-center elementor-widget elementor-widget-divider\" data-id=\"437c0f6\" data-element_type=\"widget\" data-e-type=\"widget\" data-widget_type=\"divider.default\">\n\t\t\t\t<div class=\"elementor-widget-container\">\n\t\t\t\t\t\t\t<div class=\"elementor-divider\">\n\t\t\t<span class=\"elementor-divider-separator\">\n\t\t\t\t\t\t\t<h2 class=\"elementor-divider__text elementor-divider__element\">\n\t\t\t\tCarmen\u00e8re Berici Hills DOC 2019\t\t\t\t<\/h2>\n\t\t\t\t\t\t<\/span>\n\t\t<\/div>\n\t\t\t\t\t\t<\/div>\n\t\t\t\t<\/div>\n\t\t\t\t<\/div>\n\t\t<div class=\"elementor-element elementor-element-ed9274a e-con-full e-flex e-con e-child\" data-id=\"ed9274a\" data-element_type=\"container\" data-e-type=\"container\" data-settings=\"{&quot;background_background&quot;:&quot;classic&quot;}\">\n\t\t<div class=\"elementor-element elementor-element-a17dec1 e-con-full e-flex e-con e-child\" data-id=\"a17dec1\" data-element_type=\"container\" data-e-type=\"container\">\n\t\t\t\t<\/div>\n\t\t<div class=\"elementor-element elementor-element-b17c03f e-con-full e-flex e-con e-child\" data-id=\"b17c03f\" data-element_type=\"container\" data-e-type=\"container\" data-settings=\"{&quot;background_background&quot;:&quot;classic&quot;}\">\n\t\t\t\t<div class=\"elementor-element elementor-element-1dd3a81 elementor-widget elementor-widget-image\" data-id=\"1dd3a81\" data-element_type=\"widget\" data-e-type=\"widget\" data-widget_type=\"image.default\">\n\t\t\t\t<div class=\"elementor-widget-container\">\n\t\t\t\t\t\t\t\t\t\t\t\t\t\t\t<img fetchpriority=\"high\" decoding=\"async\" width=\"283\" height=\"670\" src=\"https:\/\/delrebene-oliovino.it\/wp-content\/uploads\/2024\/10\/vino-rosso-carmenere-2019-del-rebene-colli-berici-small.jpg\" class=\"attachment-full size-full wp-image-104211\" alt=\"vino-rosso-carmenere-2019-del-rebene-colli-berici-small.jpg\" srcset=\"https:\/\/delrebene-oliovino.it\/wp-content\/uploads\/2024\/10\/vino-rosso-carmenere-2019-del-rebene-colli-berici-small.jpg 283w, https:\/\/delrebene-oliovino.it\/wp-content\/uploads\/2024\/10\/vino-rosso-carmenere-2019-del-rebene-colli-berici-small-127x300.jpg 127w\" sizes=\"(max-width: 283px) 100vw, 283px\" \/>\t\t\t\t\t\t\t\t\t\t\t\t\t\t\t<\/div>\n\t\t\t\t<\/div>\n\t\t\t\t<\/div>\n\t\t<div class=\"elementor-element elementor-element-928e567 e-con-full e-flex e-con e-child\" data-id=\"928e567\" data-element_type=\"container\" data-e-type=\"container\">\n\t\t\t\t<\/div>\n\t\t\t\t<\/div>\n\t\t<div class=\"elementor-element elementor-element-a2e1ac5 e-con-full e-flex e-con e-child\" data-id=\"a2e1ac5\" data-element_type=\"container\" data-e-type=\"container\">\n\t\t\t\t<div class=\"elementor-element elementor-element-daf527d elementor-widget__width-initial elementor-widget elementor-widget-image\" data-id=\"daf527d\" data-element_type=\"widget\" data-e-type=\"widget\" data-widget_type=\"image.default\">\n\t\t\t\t<div class=\"elementor-widget-container\">\n\t\t\t\t\t\t\t\t\t\t\t\t\t\t\t<img decoding=\"async\" width=\"59\" height=\"55\" src=\"https:\/\/delrebene-oliovino.it\/wp-content\/uploads\/2022\/10\/Biologico-icona-55.fw_.png\" class=\"attachment-large size-large wp-image-7449\" alt=\"Biologico-icona\" \/>\t\t\t\t\t\t\t\t\t\t\t\t\t\t\t<\/div>\n\t\t\t\t<\/div>\n\t\t\t\t<div class=\"elementor-element elementor-element-7df1f3b elementor-view-stacked elementor-widget__width-initial elementor-shape-circle elementor-widget elementor-widget-icon\" data-id=\"7df1f3b\" data-element_type=\"widget\" data-e-type=\"widget\" data-widget_type=\"icon.default\">\n\t\t\t\t<div class=\"elementor-widget-container\">\n\t\t\t\t\t\t\t<div class=\"elementor-icon-wrapper\">\n\t\t\t<a class=\"elementor-icon\" href=\"https:\/\/delrebene-oliovino.it\/wp-content\/uploads\/2025\/03\/Carmenere_DOC_Colli_Berici_en-2019.pdf\" target=\"_blank\">\n\t\t\t<svg xmlns=\"http:\/\/www.w3.org\/2000\/svg\" height=\"48px\" viewBox=\"0 -960 960 960\" width=\"48px\" fill=\"#FFFFFF\"><path d=\"M315.44-301.38q11.18 0 18.64-7.52 7.46-7.52 7.46-18.69 0-11.18-7.52-18.64-7.51-7.46-18.69-7.46-11.18 0-18.64 7.51-7.46 7.52-7.46 18.7 0 11.17 7.52 18.63 7.51 7.47 18.69 7.47Zm0-152.47q11.18 0 18.64-7.51 7.46-7.52 7.46-18.69 0-11.18-7.52-18.64-7.51-7.46-18.69-7.46-11.18 0-18.64 7.51-7.46 7.52-7.46 18.69 0 11.18 7.52 18.64 7.51 7.46 18.69 7.46Zm0-152.46q11.18 0 18.64-7.51 7.46-7.52 7.46-18.7 0-11.17-7.52-18.63-7.51-7.47-18.69-7.47-11.18 0-18.64 7.52-7.46 7.52-7.46 18.69 0 11.18 7.52 18.64 7.51 7.46 18.69 7.46Zm128.87 294.16h217.07v-30.77H444.31v30.77Zm0-152.47h217.07v-30.76H444.31v30.76Zm0-152.46h217.07v-30.77H444.31v30.77ZM215.38-160q-23.05 0-39.22-16.16Q160-192.33 160-215.38v-529.24q0-23.05 16.16-39.22Q192.33-800 215.38-800h529.24q23.05 0 39.22 16.16Q800-767.67 800-744.62v529.24q0 23.05-16.16 39.22Q767.67-160 744.62-160H215.38Zm0-30.77h529.24q9.23 0 16.92-7.69 7.69-7.69 7.69-16.92v-529.24q0-9.23-7.69-16.92-7.69-7.69-16.92-7.69H215.38q-9.23 0-16.92 7.69-7.69 7.69-7.69 16.92v529.24q0 9.23 7.69 16.92 7.69 7.69 16.92 7.69Zm-24.61-578.46v578.46-578.46Z\"><\/path><\/svg>\t\t\t<\/a>\n\t\t<\/div>\n\t\t\t\t\t\t<\/div>\n\t\t\t\t<\/div>\n\t\t\t\t<\/div>\n\t\t\t\t\t<\/div>\n\t\t\t\t<\/div>\n\t\t<div class=\"elementor-element elementor-element-40afcc7 e-flex e-con-boxed e-con e-parent\" data-id=\"40afcc7\" data-element_type=\"container\" data-e-type=\"container\">\n\t\t\t\t\t<div class=\"e-con-inner\">\n\t\t<div class=\"elementor-element elementor-element-5578ff6 e-con-full e-flex e-con e-child\" data-id=\"5578ff6\" data-element_type=\"container\" data-e-type=\"container\">\n\t\t<div class=\"elementor-element elementor-element-f9eb8bd e-con-full e-flex e-con e-child\" data-id=\"f9eb8bd\" data-element_type=\"container\" data-e-type=\"container\">\n\t\t\t\t<div class=\"elementor-element elementor-element-9c35fc6 elementor-widget elementor-widget-heading\" data-id=\"9c35fc6\" data-element_type=\"widget\" data-e-type=\"widget\" data-widget_type=\"heading.default\">\n\t\t\t\t<div class=\"elementor-widget-container\">\n\t\t\t\t\t<h2 class=\"elementor-heading-title elementor-size-default\">Description<\/h2>\t\t\t\t<\/div>\n\t\t\t\t<\/div>\n\t\t\t\t<div class=\"elementor-element elementor-element-bf5e424 elementor-widget-divider--view-line elementor-widget elementor-widget-divider\" data-id=\"bf5e424\" data-element_type=\"widget\" data-e-type=\"widget\" data-widget_type=\"divider.default\">\n\t\t\t\t<div class=\"elementor-widget-container\">\n\t\t\t\t\t\t\t<div class=\"elementor-divider\">\n\t\t\t<span class=\"elementor-divider-separator\">\n\t\t\t\t\t\t<\/span>\n\t\t<\/div>\n\t\t\t\t\t\t<\/div>\n\t\t\t\t<\/div>\n\t\t\t\t<div class=\"elementor-element elementor-element-99ff6f6 elementor-widget__width-initial elementor-widget elementor-widget-text-editor\" data-id=\"99ff6f6\" data-element_type=\"widget\" data-e-type=\"widget\" data-widget_type=\"text-editor.default\">\n\t\t\t\t<div class=\"elementor-widget-container\">\n\t\t\t\t\t\t\t\t\t<p>Carmen\u00e8re was confused with Cabernet Franc for many years. Since 2009 it has been recognized as DOC Carmen\u00e8re Colli Berici.<\/p>\n<p>Here in San Gottardo at 300 meters above sea level, the Carmen\u00e8re grapes reach full maturity, giving the most characteristic aromas of the vine.<\/p>\n\t\t\t\t\t\t\t\t<\/div>\n\t\t\t\t<\/div>\n\t\t<div class=\"elementor-element elementor-element-6346b88 e-con-full e-flex e-con e-child\" data-id=\"6346b88\" data-element_type=\"container\" data-e-type=\"container\">\n\t\t<div class=\"elementor-element elementor-element-65a57d3 e-con-full e-flex e-con e-child\" data-id=\"65a57d3\" data-element_type=\"container\" data-e-type=\"container\">\n\t\t\t\t<div class=\"elementor-element elementor-element-b69ecf6 elementor-widget elementor-widget-heading\" data-id=\"b69ecf6\" data-element_type=\"widget\" data-e-type=\"widget\" data-widget_type=\"heading.default\">\n\t\t\t\t<div class=\"elementor-widget-container\">\n\t\t\t\t\t<h3 class=\"elementor-heading-title elementor-size-default\">GRAPES:<\/h3>\t\t\t\t<\/div>\n\t\t\t\t<\/div>\n\t\t\t\t<\/div>\n\t\t<div class=\"elementor-element elementor-element-172ae78 e-con-full e-flex e-con e-child\" data-id=\"172ae78\" data-element_type=\"container\" data-e-type=\"container\">\n\t\t\t\t<div class=\"elementor-element elementor-element-caee9cd elementor-widget elementor-widget-heading\" data-id=\"caee9cd\" data-element_type=\"widget\" data-e-type=\"widget\" data-widget_type=\"heading.default\">\n\t\t\t\t<div class=\"elementor-widget-container\">\n\t\t\t\t\t<h2 class=\"elementor-heading-title elementor-size-default\">Carmen\u00e8re 100%<\/h2>\t\t\t\t<\/div>\n\t\t\t\t<\/div>\n\t\t\t\t<\/div>\n\t\t\t\t<\/div>\n\t\t<div class=\"elementor-element elementor-element-50fe7d1 e-con-full e-flex e-con e-child\" data-id=\"50fe7d1\" data-element_type=\"container\" data-e-type=\"container\">\n\t\t<div class=\"elementor-element elementor-element-0c1adb2 e-con-full e-flex e-con e-child\" data-id=\"0c1adb2\" data-element_type=\"container\" data-e-type=\"container\">\n\t\t\t\t<div class=\"elementor-element elementor-element-9d96dd8 elementor-widget elementor-widget-heading\" data-id=\"9d96dd8\" data-element_type=\"widget\" data-e-type=\"widget\" data-widget_type=\"heading.default\">\n\t\t\t\t<div class=\"elementor-widget-container\">\n\t\t\t\t\t<h3 class=\"elementor-heading-title elementor-size-default\">HARVEST:<\/h3>\t\t\t\t<\/div>\n\t\t\t\t<\/div>\n\t\t\t\t<\/div>\n\t\t<div class=\"elementor-element elementor-element-849ce42 e-con-full e-flex e-con e-child\" data-id=\"849ce42\" data-element_type=\"container\" data-e-type=\"container\">\n\t\t\t\t<div class=\"elementor-element elementor-element-92f6d51 elementor-widget elementor-widget-heading\" data-id=\"92f6d51\" data-element_type=\"widget\" data-e-type=\"widget\" data-widget_type=\"heading.default\">\n\t\t\t\t<div class=\"elementor-widget-container\">\n\t\t\t\t\t<h2 class=\"elementor-heading-title elementor-size-default\">manual in mid-October<\/h2>\t\t\t\t<\/div>\n\t\t\t\t<\/div>\n\t\t\t\t<\/div>\n\t\t\t\t<\/div>\n\t\t<div class=\"elementor-element elementor-element-e16661e e-con-full e-flex e-con e-child\" data-id=\"e16661e\" data-element_type=\"container\" data-e-type=\"container\">\n\t\t<div class=\"elementor-element elementor-element-3af3f89 e-con-full e-flex e-con e-child\" data-id=\"3af3f89\" data-element_type=\"container\" data-e-type=\"container\">\n\t\t\t\t<div class=\"elementor-element elementor-element-31460bd elementor-widget elementor-widget-heading\" data-id=\"31460bd\" data-element_type=\"widget\" data-e-type=\"widget\" data-widget_type=\"heading.default\">\n\t\t\t\t<div class=\"elementor-widget-container\">\n\t\t\t\t\t<h3 class=\"elementor-heading-title elementor-size-default\">VINEYARDS:<\/h3>\t\t\t\t<\/div>\n\t\t\t\t<\/div>\n\t\t\t\t<\/div>\n\t\t<div class=\"elementor-element elementor-element-bc72596 e-con-full e-flex e-con e-child\" data-id=\"bc72596\" data-element_type=\"container\" data-e-type=\"container\">\n\t\t\t\t<div class=\"elementor-element elementor-element-b2280c7 elementor-widget elementor-widget-heading\" data-id=\"b2280c7\" data-element_type=\"widget\" data-e-type=\"widget\" data-widget_type=\"heading.default\">\n\t\t\t\t<div class=\"elementor-widget-container\">\n\t\t\t\t\t<h2 class=\"elementor-heading-title elementor-size-default\">Municipality of Zovencedo, 300 m above sea level, facing south<\/h2>\t\t\t\t<\/div>\n\t\t\t\t<\/div>\n\t\t\t\t<\/div>\n\t\t\t\t<\/div>\n\t\t<div class=\"elementor-element elementor-element-049e201 e-con-full e-flex e-con e-child\" data-id=\"049e201\" data-element_type=\"container\" data-e-type=\"container\">\n\t\t<div class=\"elementor-element elementor-element-20ed552 e-con-full e-flex e-con e-child\" data-id=\"20ed552\" data-element_type=\"container\" data-e-type=\"container\">\n\t\t\t\t<div class=\"elementor-element elementor-element-e86e1f9 elementor-widget elementor-widget-heading\" data-id=\"e86e1f9\" data-element_type=\"widget\" data-e-type=\"widget\" data-widget_type=\"heading.default\">\n\t\t\t\t<div class=\"elementor-widget-container\">\n\t\t\t\t\t<h3 class=\"elementor-heading-title elementor-size-default\">ALCOHOL:<\/h3>\t\t\t\t<\/div>\n\t\t\t\t<\/div>\n\t\t\t\t<\/div>\n\t\t<div class=\"elementor-element elementor-element-f041047 e-con-full e-flex e-con e-child\" data-id=\"f041047\" data-element_type=\"container\" data-e-type=\"container\">\n\t\t\t\t<div class=\"elementor-element elementor-element-ed8115e elementor-widget elementor-widget-heading\" data-id=\"ed8115e\" data-element_type=\"widget\" data-e-type=\"widget\" data-widget_type=\"heading.default\">\n\t\t\t\t<div class=\"elementor-widget-container\">\n\t\t\t\t\t<h2 class=\"elementor-heading-title elementor-size-default\">12,5%<\/h2>\t\t\t\t<\/div>\n\t\t\t\t<\/div>\n\t\t\t\t<\/div>\n\t\t\t\t<\/div>\n\t\t\t\t<\/div>\n\t\t\t\t<\/div>\n\t\t\t\t\t<\/div>\n\t\t\t\t<\/div>\n\t\t<div class=\"elementor-element elementor-element-8d3fa7f e-con-full e-flex e-con e-parent\" data-id=\"8d3fa7f\" data-element_type=\"container\" data-e-type=\"container\">\n\t\t\t\t<div class=\"elementor-element elementor-element-3b738e5 elementor-widget elementor-widget-n-accordion\" data-id=\"3b738e5\" data-element_type=\"widget\" data-e-type=\"widget\" data-settings=\"{&quot;default_state&quot;:&quot;all_collapsed&quot;,&quot;max_items_expended&quot;:&quot;one&quot;,&quot;n_accordion_animation_duration&quot;:{&quot;unit&quot;:&quot;ms&quot;,&quot;size&quot;:400,&quot;sizes&quot;:[]}}\" data-widget_type=\"nested-accordion.default\">\n\t\t\t\t<div class=\"elementor-widget-container\">\n\t\t\t\t\t\t\t<div class=\"e-n-accordion\" aria-label=\"Accordion. Open links with Enter or Space, close with Escape, and navigate with Arrow Keys\">\n\t\t\t\t\t\t<details id=\"e-n-accordion-item-6230\" class=\"e-n-accordion-item\" >\n\t\t\t\t<summary class=\"e-n-accordion-item-title\" data-accordion-index=\"1\" tabindex=\"0\" aria-expanded=\"false\" aria-controls=\"e-n-accordion-item-6230\" >\n\t\t\t\t\t<span class='e-n-accordion-item-title-header'><div class=\"e-n-accordion-item-title-text\"> Organoleptic Notes <\/div><\/span>\n\t\t\t\t\t\t\t<span class='e-n-accordion-item-title-icon'>\n\t\t\t<span class='e-opened' ><svg aria-hidden=\"true\" class=\"e-font-icon-svg e-fas-angle-up\" viewBox=\"0 0 320 512\" xmlns=\"http:\/\/www.w3.org\/2000\/svg\"><path d=\"M177 159.7l136 136c9.4 9.4 9.4 24.6 0 33.9l-22.6 22.6c-9.4 9.4-24.6 9.4-33.9 0L160 255.9l-96.4 96.4c-9.4 9.4-24.6 9.4-33.9 0L7 329.7c-9.4-9.4-9.4-24.6 0-33.9l136-136c9.4-9.5 24.6-9.5 34-.1z\"><\/path><\/svg><\/span>\n\t\t\t<span class='e-closed'><svg aria-hidden=\"true\" class=\"e-font-icon-svg e-fas-angle-down\" viewBox=\"0 0 320 512\" xmlns=\"http:\/\/www.w3.org\/2000\/svg\"><path d=\"M143 352.3L7 216.3c-9.4-9.4-9.4-24.6 0-33.9l22.6-22.6c9.4-9.4 24.6-9.4 33.9 0l96.4 96.4 96.4-96.4c9.4-9.4 24.6-9.4 33.9 0l22.6 22.6c9.4 9.4 9.4 24.6 0 33.9l-136 136c-9.2 9.4-24.4 9.4-33.8 0z\"><\/path><\/svg><\/span>\n\t\t<\/span>\n\n\t\t\t\t\t\t<\/summary>\n\t\t\t\t<div role=\"region\" aria-labelledby=\"e-n-accordion-item-6230\" class=\"elementor-element elementor-element-415809e e-con-full e-flex e-con e-child\" data-id=\"415809e\" data-element_type=\"container\" data-e-type=\"container\">\n\t\t<div role=\"region\" aria-labelledby=\"e-n-accordion-item-6230\" class=\"elementor-element elementor-element-e0c30b3 e-flex e-con-boxed e-con e-child\" data-id=\"e0c30b3\" data-element_type=\"container\" data-e-type=\"container\">\n\t\t\t\t\t<div class=\"e-con-inner\">\n\t\t\t\t<div class=\"elementor-element elementor-element-bbb9323 elementor-widget__width-initial elementor-widget elementor-widget-text-editor\" data-id=\"bbb9323\" data-element_type=\"widget\" data-e-type=\"widget\" data-widget_type=\"text-editor.default\">\n\t\t\t\t<div class=\"elementor-widget-container\">\n\t\t\t\t\t\t\t\t\t<p>With a clear garnet color, it has a thick and deep texture with a vivid nail that denotes the ability to evolve over the years.<\/p>\n<p>Dry and pulpy, it offers a pleasant austere sensation that finds a virile trait in the impact with the fine and mature tannin.<\/p>\n<p>Characterized by a savoury length and a very light mouth, with an original final note of quinine and eucalyptus.<\/p>\n\t\t\t\t\t\t\t\t<\/div>\n\t\t\t\t<\/div>\n\t\t\t\t\t<\/div>\n\t\t\t\t<\/div>\n\t\t\t\t<\/div>\n\t\t\t\t\t<\/details>\n\t\t\t\t\t\t<details id=\"e-n-accordion-item-6231\" class=\"e-n-accordion-item\" >\n\t\t\t\t<summary class=\"e-n-accordion-item-title\" data-accordion-index=\"2\" tabindex=\"-1\" aria-expanded=\"false\" aria-controls=\"e-n-accordion-item-6231\" >\n\t\t\t\t\t<span class='e-n-accordion-item-title-header'><div class=\"e-n-accordion-item-title-text\"> Pairings <\/div><\/span>\n\t\t\t\t\t\t\t<span class='e-n-accordion-item-title-icon'>\n\t\t\t<span class='e-opened' ><svg aria-hidden=\"true\" class=\"e-font-icon-svg e-fas-angle-up\" viewBox=\"0 0 320 512\" xmlns=\"http:\/\/www.w3.org\/2000\/svg\"><path d=\"M177 159.7l136 136c9.4 9.4 9.4 24.6 0 33.9l-22.6 22.6c-9.4 9.4-24.6 9.4-33.9 0L160 255.9l-96.4 96.4c-9.4 9.4-24.6 9.4-33.9 0L7 329.7c-9.4-9.4-9.4-24.6 0-33.9l136-136c9.4-9.5 24.6-9.5 34-.1z\"><\/path><\/svg><\/span>\n\t\t\t<span class='e-closed'><svg aria-hidden=\"true\" class=\"e-font-icon-svg e-fas-angle-down\" viewBox=\"0 0 320 512\" xmlns=\"http:\/\/www.w3.org\/2000\/svg\"><path d=\"M143 352.3L7 216.3c-9.4-9.4-9.4-24.6 0-33.9l22.6-22.6c9.4-9.4 24.6-9.4 33.9 0l96.4 96.4 96.4-96.4c9.4-9.4 24.6-9.4 33.9 0l22.6 22.6c9.4 9.4 9.4 24.6 0 33.9l-136 136c-9.2 9.4-24.4 9.4-33.8 0z\"><\/path><\/svg><\/span>\n\t\t<\/span>\n\n\t\t\t\t\t\t<\/summary>\n\t\t\t\t<div role=\"region\" aria-labelledby=\"e-n-accordion-item-6231\" class=\"elementor-element elementor-element-b5f347d e-con-full e-flex e-con e-child\" data-id=\"b5f347d\" data-element_type=\"container\" data-e-type=\"container\">\n\t\t<div role=\"region\" aria-labelledby=\"e-n-accordion-item-6231\" class=\"elementor-element elementor-element-8bc9910 e-flex e-con-boxed e-con e-child\" data-id=\"8bc9910\" data-element_type=\"container\" data-e-type=\"container\">\n\t\t\t\t\t<div class=\"e-con-inner\">\n\t\t\t\t<div class=\"elementor-element elementor-element-b88ef10 elementor-widget__width-initial elementor-widget elementor-widget-text-editor\" data-id=\"b88ef10\" data-element_type=\"widget\" data-e-type=\"widget\" data-widget_type=\"text-editor.default\">\n\t\t\t\t<div class=\"elementor-widget-container\">\n\t\t\t\t\t\t\t\t\t<p>Red meats (beef and lamb), game, cured meats and cheeses.<\/p>\n<p><strong>Longevity<\/strong>\u00a0: over 10 years<\/p>\n\t\t\t\t\t\t\t\t<\/div>\n\t\t\t\t<\/div>\n\t\t\t\t\t<\/div>\n\t\t\t\t<\/div>\n\t\t\t\t<\/div>\n\t\t\t\t\t<\/details>\n\t\t\t\t\t\t<details id=\"e-n-accordion-item-6232\" class=\"e-n-accordion-item\" >\n\t\t\t\t<summary class=\"e-n-accordion-item-title\" data-accordion-index=\"3\" tabindex=\"-1\" aria-expanded=\"false\" aria-controls=\"e-n-accordion-item-6232\" >\n\t\t\t\t\t<span class='e-n-accordion-item-title-header'><div class=\"e-n-accordion-item-title-text\"> Vinification <\/div><\/span>\n\t\t\t\t\t\t\t<span class='e-n-accordion-item-title-icon'>\n\t\t\t<span class='e-opened' ><svg aria-hidden=\"true\" class=\"e-font-icon-svg e-fas-angle-up\" viewBox=\"0 0 320 512\" xmlns=\"http:\/\/www.w3.org\/2000\/svg\"><path d=\"M177 159.7l136 136c9.4 9.4 9.4 24.6 0 33.9l-22.6 22.6c-9.4 9.4-24.6 9.4-33.9 0L160 255.9l-96.4 96.4c-9.4 9.4-24.6 9.4-33.9 0L7 329.7c-9.4-9.4-9.4-24.6 0-33.9l136-136c9.4-9.5 24.6-9.5 34-.1z\"><\/path><\/svg><\/span>\n\t\t\t<span class='e-closed'><svg aria-hidden=\"true\" class=\"e-font-icon-svg e-fas-angle-down\" viewBox=\"0 0 320 512\" xmlns=\"http:\/\/www.w3.org\/2000\/svg\"><path d=\"M143 352.3L7 216.3c-9.4-9.4-9.4-24.6 0-33.9l22.6-22.6c9.4-9.4 24.6-9.4 33.9 0l96.4 96.4 96.4-96.4c9.4-9.4 24.6-9.4 33.9 0l22.6 22.6c9.4 9.4 9.4 24.6 0 33.9l-136 136c-9.2 9.4-24.4 9.4-33.8 0z\"><\/path><\/svg><\/span>\n\t\t<\/span>\n\n\t\t\t\t\t\t<\/summary>\n\t\t\t\t<div role=\"region\" aria-labelledby=\"e-n-accordion-item-6232\" class=\"elementor-element elementor-element-1f0f9e5 e-con-full e-flex e-con e-child\" data-id=\"1f0f9e5\" data-element_type=\"container\" data-e-type=\"container\">\n\t\t<div role=\"region\" aria-labelledby=\"e-n-accordion-item-6232\" class=\"elementor-element elementor-element-c41d74c e-flex e-con-boxed e-con e-child\" data-id=\"c41d74c\" data-element_type=\"container\" data-e-type=\"container\">\n\t\t\t\t\t<div class=\"e-con-inner\">\n\t\t\t\t<div class=\"elementor-element elementor-element-3a5b0fc elementor-widget__width-initial elementor-widget elementor-widget-text-editor\" data-id=\"3a5b0fc\" data-element_type=\"widget\" data-e-type=\"widget\" data-widget_type=\"text-editor.default\">\n\t\t\t\t<div class=\"elementor-widget-container\">\n\t\t\t\t\t\t\t\t\t<p>The hand-harvested grapes are immediately destemmed and transferred into the<br \/>\nbarrels by gravity. Subsequently, thanks to the inoculation of the &#8220;pied de cuve&#8221;<br \/>\nprepared with our grapes, fermentation occurs spontaneously and continues for<br \/>\napproximately 10 days in vitrified concrete tanks, accompanied by daily pump-overs and punch-downs.<br \/>\nAfter racking and pressing, the wine was transferred and aged for over 18 months in vitrified concrete tanks and finally bottled in our winery.<\/p>\n\t\t\t\t\t\t\t\t<\/div>\n\t\t\t\t<\/div>\n\t\t\t\t\t<\/div>\n\t\t\t\t<\/div>\n\t\t\t\t<\/div>\n\t\t\t\t\t<\/details>\n\t\t\t\t\t<\/div>\n\t\t\t\t\t\t<\/div>\n\t\t\t\t<\/div>\n\t\t\t\t<\/div>\n\t\t\t\t<\/div>\n\t\t","protected":false},"excerpt":{"rendered":"<p>Back to Red Wines Carmen\u00e8re Del R\u00e8bene Carmen\u00e8re Berici Hills DOC 2019 Description Carmen\u00e8re was confused with Cabernet Franc for many years. Since 2009 it has been recognized as DOC Carmen\u00e8re Colli Berici. Here in San Gottardo at 300 meters above sea level, the Carmen\u00e8re grapes reach full maturity, giving the most characteristic aromas of [&hellip;]<\/p>\n","protected":false},"author":2,"featured_media":0,"parent":0,"menu_order":0,"comment_status":"closed","ping_status":"closed","template":"elementor_header_footer","meta":{"footnotes":""},"class_list":["post-104982","page","type-page","status-publish","hentry"],"_links":{"self":[{"href":"https:\/\/delrebene-oliovino.it\/en\/wp-json\/wp\/v2\/pages\/104982","targetHints":{"allow":["GET"]}}],"collection":[{"href":"https:\/\/delrebene-oliovino.it\/en\/wp-json\/wp\/v2\/pages"}],"about":[{"href":"https:\/\/delrebene-oliovino.it\/en\/wp-json\/wp\/v2\/types\/page"}],"author":[{"embeddable":true,"href":"https:\/\/delrebene-oliovino.it\/en\/wp-json\/wp\/v2\/users\/2"}],"replies":[{"embeddable":true,"href":"https:\/\/delrebene-oliovino.it\/en\/wp-json\/wp\/v2\/comments?post=104982"}],"version-history":[{"count":2,"href":"https:\/\/delrebene-oliovino.it\/en\/wp-json\/wp\/v2\/pages\/104982\/revisions"}],"predecessor-version":[{"id":105349,"href":"https:\/\/delrebene-oliovino.it\/en\/wp-json\/wp\/v2\/pages\/104982\/revisions\/105349"}],"wp:attachment":[{"href":"https:\/\/delrebene-oliovino.it\/en\/wp-json\/wp\/v2\/media?parent=104982"}],"curies":[{"name":"wp","href":"https:\/\/api.w.org\/{rel}","templated":true}]}}